{"id":11,"date":"2015-05-20T12:28:54","date_gmt":"2015-05-20T10:28:54","guid":{"rendered":"http:\/\/wordpress.cubimettrik.com\/?page_id=11"},"modified":"2015-07-01T11:08:23","modified_gmt":"2015-07-01T09:08:23","slug":"obra-nova","status":"publish","type":"page","link":"http:\/\/cubimettrik.com\/es\/obra-nova\/","title":{"rendered":"<!-Obra nova->"},"content":{"rendered":"<p><a href=\"http:\/\/cubimettrik.com\/wp-content\/uploads\/2015\/05\/pinilla1.jpg\"><img loading=\"lazy\" decoding=\"async\" class=\"aligncenter wp-image-69\" src=\"http:\/\/cubimettrik.com\/wp-content\/uploads\/2015\/05\/pinilla1.jpg\" alt=\"\" width=\"841\" height=\"257\" srcset=\"http:\/\/cubimettrik.com\/wp-content\/uploads\/2015\/05\/pinilla1.jpg 2178w, http:\/\/cubimettrik.com\/wp-content\/uploads\/2015\/05\/pinilla1-300x92.jpg 300w, http:\/\/cubimettrik.com\/wp-content\/uploads\/2015\/05\/pinilla1-1024x313.jpg 1024w\" sizes=\"auto, (max-width: 841px) 100vw, 841px\" \/><\/a><\/p>\n<p style=\"text-align: justify;\">Para todas aquellas personas o empresas que se plantean construir un edificio en cualquiera de sus variedades, casas, pisos, etc., almac\u00e9n, o oficina para instalar su negocio o simplemente un valor a d\u00f3nde invertir,<\/p>\n<p style=\"text-align: justify;\">CUBIMETTRIK lleva a cabo parte de sus actividades en el \u00e1rea de la construcci\u00f3n, incluyendo en todos sus obras acabados de calidad , innovaciones en ahorro de energ\u00eda, criterios que implican una reducci\u00f3n de costes para los propietarios, adapt\u00e1ndose a cada cliente y sus posibilidades.<\/p>\n<p><\/p>","protected":false},"excerpt":{"rendered":"<p>Para todas aquellas personas o empresas que se plantean construir un edificio en cualquiera de sus variedades, casas, pisos, etc., almac\u00e9n, o oficina para instalar su negocio o simplemente un valor a d\u00f3nde invertir, CUBIMETTRIK lleva a cabo parte de sus actividades en el \u00e1rea de la construcci\u00f3n, incluyendo en todos sus obras acabados de [&hellip;]<\/p>\n","protected":false},"author":1,"featured_media":0,"parent":0,"menu_order":0,"comment_status":"closed","ping_status":"open","template":"","meta":{"_genesis_hide_title":false,"_genesis_hide_breadcrumbs":false,"_genesis_hide_singular_image":false,"_genesis_hide_footer_widgets":false,"_genesis_custom_body_class":"","_genesis_custom_post_class":"","_genesis_layout":"","footnotes":""},"class_list":{"0":"post-11","1":"page","2":"type-page","3":"status-publish","5":"entry"},"_links":{"self":[{"href":"http:\/\/cubimettrik.com\/es\/wp-json\/wp\/v2\/pages\/11","targetHints":{"allow":["GET"]}}],"collection":[{"href":"http:\/\/cubimettrik.com\/es\/wp-json\/wp\/v2\/pages"}],"about":[{"href":"http:\/\/cubimettrik.com\/es\/wp-json\/wp\/v2\/types\/page"}],"author":[{"embeddable":true,"href":"http:\/\/cubimettrik.com\/es\/wp-json\/wp\/v2\/users\/1"}],"replies":[{"embeddable":true,"href":"http:\/\/cubimettrik.com\/es\/wp-json\/wp\/v2\/comments?post=11"}],"version-history":[{"count":28,"href":"http:\/\/cubimettrik.com\/es\/wp-json\/wp\/v2\/pages\/11\/revisions"}],"predecessor-version":[{"id":267,"href":"http:\/\/cubimettrik.com\/es\/wp-json\/wp\/v2\/pages\/11\/revisions\/267"}],"wp:attachment":[{"href":"http:\/\/cubimettrik.com\/es\/wp-json\/wp\/v2\/media?parent=11"}],"curies":[{"name":"wp","href":"https:\/\/api.w.org\/{rel}","templated":true}]}}