{"id":15,"date":"2015-05-20T12:31:41","date_gmt":"2015-05-20T10:31:41","guid":{"rendered":"http:\/\/wordpress.cubimettrik.com\/?page_id=15"},"modified":"2015-07-01T11:03:57","modified_gmt":"2015-07-01T09:03:57","slug":"diagnostic","status":"publish","type":"page","link":"http:\/\/cubimettrik.com\/es\/diagnostic\/","title":{"rendered":"<!-Diagnostic->"},"content":{"rendered":"<p><a href=\"http:\/\/cubimettrik.com\/wp-content\/uploads\/2015\/05\/diagnostic1.jpg\"><img loading=\"lazy\" decoding=\"async\" class=\"aligncenter wp-image-65\" src=\"http:\/\/cubimettrik.com\/wp-content\/uploads\/2015\/05\/diagnostic1.jpg\" alt=\"\" width=\"841\" height=\"257\" srcset=\"http:\/\/cubimettrik.com\/wp-content\/uploads\/2015\/05\/diagnostic1.jpg 2178w, http:\/\/cubimettrik.com\/wp-content\/uploads\/2015\/05\/diagnostic1-300x92.jpg 300w, http:\/\/cubimettrik.com\/wp-content\/uploads\/2015\/05\/diagnostic1-1024x313.jpg 1024w\" sizes=\"auto, (max-width: 841px) 100vw, 841px\" \/><\/a><\/p>\n<p style=\"text-align: center;\">Diagnostico<\/p>\n<p style=\"text-align: justify;\">Redacci\u00f3n de informe de diagn\u00f3stico de patolog\u00edas dadas por: humedades, grietas, roturas etc&#8230;.\u00a0\u00a0\u00a0\u00a0\u00a0\u00a0\u00a0\u00a0\u00a0\u00a0 CUBIMETTRIK pone a su disposici\u00f3n t\u00e9cnicos para hacer el diagn\u00f3stico adecuado en cada caso, con una visita ocular y la realizaci\u00f3n de pruebas o ensayos si se necesitan. El informe explicara las posibles causas de los da\u00f1os y las soluciones que podemos proporcionar.<\/p>\n<p style=\"text-align: center;\">Reparaciones<\/p>\n<p style=\"text-align: justify;\">El mantenimiento de las instalaciones de una obra terminada es de vital importancia para que se mantenga en perfecto estado. Es por ello que con el paso del tiempo o antes de cualquier desgracia, es necesario llevar a cabo reparaciones de aver\u00edas o mejoras en instalaciones. CUBIMETTRIK pone a su disposici\u00f3n en un breve espacio de tiempo un servicio integral de reparaci\u00f3n con personal t\u00e9cnico apropiado y permisos si son necesarios.<\/p>\n<p><\/p>","protected":false},"excerpt":{"rendered":"<p>Diagnostico Redacci\u00f3n de informe de diagn\u00f3stico de patolog\u00edas dadas por: humedades, grietas, roturas etc&#8230;.\u00a0\u00a0\u00a0\u00a0\u00a0\u00a0\u00a0\u00a0\u00a0\u00a0 CUBIMETTRIK pone a su disposici\u00f3n t\u00e9cnicos para hacer el diagn\u00f3stico adecuado en cada caso, con una visita ocular y la realizaci\u00f3n de pruebas o ensayos si se necesitan. El informe explicara las posibles causas de los da\u00f1os y las soluciones que [&hellip;]<\/p>\n","protected":false},"author":1,"featured_media":0,"parent":0,"menu_order":0,"comment_status":"closed","ping_status":"open","template":"","meta":{"_genesis_hide_title":false,"_genesis_hide_breadcrumbs":false,"_genesis_hide_singular_image":false,"_genesis_hide_footer_widgets":false,"_genesis_custom_body_class":"","_genesis_custom_post_class":"","_genesis_layout":"","footnotes":""},"class_list":{"0":"post-15","1":"page","2":"type-page","3":"status-publish","5":"entry"},"_links":{"self":[{"href":"http:\/\/cubimettrik.com\/es\/wp-json\/wp\/v2\/pages\/15","targetHints":{"allow":["GET"]}}],"collection":[{"href":"http:\/\/cubimettrik.com\/es\/wp-json\/wp\/v2\/pages"}],"about":[{"href":"http:\/\/cubimettrik.com\/es\/wp-json\/wp\/v2\/types\/page"}],"author":[{"embeddable":true,"href":"http:\/\/cubimettrik.com\/es\/wp-json\/wp\/v2\/users\/1"}],"replies":[{"embeddable":true,"href":"http:\/\/cubimettrik.com\/es\/wp-json\/wp\/v2\/comments?post=15"}],"version-history":[{"count":25,"href":"http:\/\/cubimettrik.com\/es\/wp-json\/wp\/v2\/pages\/15\/revisions"}],"predecessor-version":[{"id":256,"href":"http:\/\/cubimettrik.com\/es\/wp-json\/wp\/v2\/pages\/15\/revisions\/256"}],"wp:attachment":[{"href":"http:\/\/cubimettrik.com\/es\/wp-json\/wp\/v2\/media?parent=15"}],"curies":[{"name":"wp","href":"https:\/\/api.w.org\/{rel}","templated":true}]}}