{"id":18,"date":"2015-05-20T12:32:02","date_gmt":"2015-05-20T10:32:02","guid":{"rendered":"http:\/\/wordpress.cubimettrik.com\/?page_id=18"},"modified":"2015-07-01T11:13:23","modified_gmt":"2015-07-01T09:13:23","slug":"rehabilitacio","status":"publish","type":"page","link":"http:\/\/cubimettrik.com\/es\/rehabilitacio\/","title":{"rendered":"<!-Rehabilitacio->"},"content":{"rendered":"<p><a href=\"http:\/\/cubimettrik.com\/wp-content\/uploads\/2015\/05\/corte-pizarra1.jpg\"><img loading=\"lazy\" decoding=\"async\" class=\"aligncenter wp-image-64\" src=\"http:\/\/cubimettrik.com\/wp-content\/uploads\/2015\/05\/corte-pizarra1.jpg\" alt=\"\" width=\"841\" height=\"257\" srcset=\"http:\/\/cubimettrik.com\/wp-content\/uploads\/2015\/05\/corte-pizarra1.jpg 2178w, http:\/\/cubimettrik.com\/wp-content\/uploads\/2015\/05\/corte-pizarra1-300x92.jpg 300w, http:\/\/cubimettrik.com\/wp-content\/uploads\/2015\/05\/corte-pizarra1-1024x313.jpg 1024w\" sizes=\"auto, (max-width: 841px) 100vw, 841px\" \/><\/a><\/p>\n<p style=\"text-align: justify;\">Siguiendo la tradici\u00f3n de sus or\u00edgenes, CUBIMETTRIK le dar\u00e1 atenci\u00f3n personalizada, adem\u00e1s de soluciones t\u00e9cnicas y constructivas para sus proyectos de rehabilitaci\u00f3n. Cubriendo toda la ejecuci\u00f3n de la obra, las actuaciones se desarrollan tanto con t\u00e9cnicas tradicionales como con las m\u00e1s avanzadas e innovadoras, cuidando el tema de sostenibilidad y la incorporaci\u00f3n de las tecnolog\u00edas m\u00e1s adecuadas en cada ocasi\u00f3n.<\/p>\n<p style=\"text-align: justify;\">En la rehabilitaci\u00f3n, creemos que tenemos que mantener el valor hist\u00f3rico del edificio y las mejoras o modificaciones se adecuaran al tipo de obra y materiales utilizados en los or\u00edgenes de este edificio.<\/p>\n<p style=\"text-align: justify;\">CUBIMETTRIK Rehabilita tanto edificios hist\u00f3ricos como actuales.<\/p>\n<p><\/p>","protected":false},"excerpt":{"rendered":"<p>Siguiendo la tradici\u00f3n de sus or\u00edgenes, CUBIMETTRIK le dar\u00e1 atenci\u00f3n personalizada, adem\u00e1s de soluciones t\u00e9cnicas y constructivas para sus proyectos de rehabilitaci\u00f3n. Cubriendo toda la ejecuci\u00f3n de la obra, las actuaciones se desarrollan tanto con t\u00e9cnicas tradicionales como con las m\u00e1s avanzadas e innovadoras, cuidando el tema de sostenibilidad y la incorporaci\u00f3n de las tecnolog\u00edas [&hellip;]<\/p>\n","protected":false},"author":1,"featured_media":0,"parent":0,"menu_order":0,"comment_status":"closed","ping_status":"open","template":"","meta":{"_genesis_hide_title":false,"_genesis_hide_breadcrumbs":false,"_genesis_hide_singular_image":false,"_genesis_hide_footer_widgets":false,"_genesis_custom_body_class":"","_genesis_custom_post_class":"","_genesis_layout":"","footnotes":""},"class_list":{"0":"post-18","1":"page","2":"type-page","3":"status-publish","5":"entry"},"_links":{"self":[{"href":"http:\/\/cubimettrik.com\/es\/wp-json\/wp\/v2\/pages\/18","targetHints":{"allow":["GET"]}}],"collection":[{"href":"http:\/\/cubimettrik.com\/es\/wp-json\/wp\/v2\/pages"}],"about":[{"href":"http:\/\/cubimettrik.com\/es\/wp-json\/wp\/v2\/types\/page"}],"author":[{"embeddable":true,"href":"http:\/\/cubimettrik.com\/es\/wp-json\/wp\/v2\/users\/1"}],"replies":[{"embeddable":true,"href":"http:\/\/cubimettrik.com\/es\/wp-json\/wp\/v2\/comments?post=18"}],"version-history":[{"count":22,"href":"http:\/\/cubimettrik.com\/es\/wp-json\/wp\/v2\/pages\/18\/revisions"}],"predecessor-version":[{"id":275,"href":"http:\/\/cubimettrik.com\/es\/wp-json\/wp\/v2\/pages\/18\/revisions\/275"}],"wp:attachment":[{"href":"http:\/\/cubimettrik.com\/es\/wp-json\/wp\/v2\/media?parent=18"}],"curies":[{"name":"wp","href":"https:\/\/api.w.org\/{rel}","templated":true}]}}