{"id":59,"date":"2015-05-21T00:10:30","date_gmt":"2015-05-20T22:10:30","guid":{"rendered":"http:\/\/wordpress.cubimettrik.com\/?page_id=59"},"modified":"2015-07-01T11:05:21","modified_gmt":"2015-07-01T09:05:21","slug":"home","status":"publish","type":"page","link":"http:\/\/cubimettrik.com\/es\/","title":{"rendered":"<!-Inici->"},"content":{"rendered":"<p><\/p>\n<p style=\"text-align: center;\"><a href=\"http:\/\/cubimettrik.com\/wp-content\/uploads\/2015\/05\/grua1.jpg\"><img loading=\"lazy\" decoding=\"async\" class=\"aligncenter wp-image-66\" src=\"http:\/\/cubimettrik.com\/wp-content\/uploads\/2015\/05\/grua1.jpg\" alt=\"\" width=\"841\" height=\"257\" srcset=\"http:\/\/cubimettrik.com\/wp-content\/uploads\/2015\/05\/grua1.jpg 2178w, http:\/\/cubimettrik.com\/wp-content\/uploads\/2015\/05\/grua1-300x92.jpg 300w, http:\/\/cubimettrik.com\/wp-content\/uploads\/2015\/05\/grua1-1024x313.jpg 1024w\" sizes=\"auto, (max-width: 841px) 100vw, 841px\" \/><\/a><\/p>\n<p style=\"text-align: justify;\">CUBIMETTRIK nace con una vocaci\u00f3n de servicio, combinando la creaci\u00f3n artesanal con las tecnolog\u00edas m\u00e1s avanzadas, cuidando cada detalle para hacer su proyecto \u00fanico. Nuestra experiencia en el campo y la fiabilidad probada por a\u00f1os de experiencia, garantizan la confianza de nuestros clientes, desarrollando la actividad en territorio catal\u00e1n, m\u00e1s concretamente en la Catalu\u00f1a central.<\/p>\n<p style=\"text-align: justify;\">Un valor diferenciador de CUBIMETTRIK es su personal, tanto la plantilla como los colaboradores, con una amplia experiencia y una gran profesionalidad, garantizando asi las necesidades de la empresa sin devaluar los niveles de seguridad y salud. En definitiva, nuestra filosof\u00eda de trabajo se basa en un exhaustivo control de calidad y una mejora continua, con un objetivo: la satisfacci\u00f3n de nuestros clientes.<\/p>\n<p><\/p>","protected":false},"excerpt":{"rendered":"<p>CUBIMETTRIK nace con una vocaci\u00f3n de servicio, combinando la creaci\u00f3n artesanal con las tecnolog\u00edas m\u00e1s avanzadas, cuidando cada detalle para hacer su proyecto \u00fanico. Nuestra experiencia en el campo y la fiabilidad probada por a\u00f1os de experiencia, garantizan la confianza de nuestros clientes, desarrollando la actividad en territorio catal\u00e1n, m\u00e1s concretamente en la Catalu\u00f1a central. [&hellip;]<\/p>\n","protected":false},"author":2,"featured_media":0,"parent":0,"menu_order":0,"comment_status":"open","ping_status":"open","template":"","meta":{"_genesis_hide_title":false,"_genesis_hide_breadcrumbs":false,"_genesis_hide_singular_image":false,"_genesis_hide_footer_widgets":false,"_genesis_custom_body_class":"","_genesis_custom_post_class":"","_genesis_layout":"","footnotes":""},"class_list":{"0":"post-59","1":"page","2":"type-page","3":"status-publish","5":"entry"},"_links":{"self":[{"href":"http:\/\/cubimettrik.com\/es\/wp-json\/wp\/v2\/pages\/59","targetHints":{"allow":["GET"]}}],"collection":[{"href":"http:\/\/cubimettrik.com\/es\/wp-json\/wp\/v2\/pages"}],"about":[{"href":"http:\/\/cubimettrik.com\/es\/wp-json\/wp\/v2\/types\/page"}],"author":[{"embeddable":true,"href":"http:\/\/cubimettrik.com\/es\/wp-json\/wp\/v2\/users\/2"}],"replies":[{"embeddable":true,"href":"http:\/\/cubimettrik.com\/es\/wp-json\/wp\/v2\/comments?post=59"}],"version-history":[{"count":30,"href":"http:\/\/cubimettrik.com\/es\/wp-json\/wp\/v2\/pages\/59\/revisions"}],"predecessor-version":[{"id":260,"href":"http:\/\/cubimettrik.com\/es\/wp-json\/wp\/v2\/pages\/59\/revisions\/260"}],"wp:attachment":[{"href":"http:\/\/cubimettrik.com\/es\/wp-json\/wp\/v2\/media?parent=59"}],"curies":[{"name":"wp","href":"https:\/\/api.w.org\/{rel}","templated":true}]}}