{"id":59,"date":"2015-05-21T00:10:30","date_gmt":"2015-05-20T22:10:30","guid":{"rendered":"http:\/\/wordpress.cubimettrik.com\/?page_id=59"},"modified":"2015-07-01T11:05:21","modified_gmt":"2015-07-01T09:05:21","slug":"home","status":"publish","type":"page","link":"http:\/\/cubimettrik.com\/fr\/","title":{"rendered":"<!-Inici->"},"content":{"rendered":"<p><\/p>\n<p style=\"text-align: center;\"><a href=\"http:\/\/cubimettrik.com\/wp-content\/uploads\/2015\/05\/grua1.jpg\"><img loading=\"lazy\" decoding=\"async\" class=\"aligncenter wp-image-66\" src=\"http:\/\/cubimettrik.com\/wp-content\/uploads\/2015\/05\/grua1.jpg\" alt=\"\" width=\"841\" height=\"257\" srcset=\"http:\/\/cubimettrik.com\/wp-content\/uploads\/2015\/05\/grua1.jpg 2178w, http:\/\/cubimettrik.com\/wp-content\/uploads\/2015\/05\/grua1-300x92.jpg 300w, http:\/\/cubimettrik.com\/wp-content\/uploads\/2015\/05\/grua1-1024x313.jpg 1024w\" sizes=\"auto, (max-width: 841px) 100vw, 841px\" \/><\/a><\/p>\n<p style=\"text-align: justify;\">CUBIMETTRIK nait avec l\u2019id\u00e9e d\u2019offrir un service int\u00e9gral qui combine le savoir artisanal avec les technologies les plus avanc\u00e9es, en prenant soin de chaque d\u00e9tail pour faire de votre projet une r\u00e9alisation unique. Notre sp\u00e9cialisation dans le secteur et notre s\u00e9rieux accr\u00e9dit\u00e9 par des ann\u00e9es d&rsquo;exp\u00e9rience garantissent la confiance de nos clients. Nous d\u00e9veloppons nos activit\u00e9s en territoire catalan, principalement ax\u00e9 sur le centre de la Catalogne.<\/p>\n<p style=\"text-align: justify;\">Une garantie de CUBIMETTRIK est son personnel ainsi que ses partenaires. Avec leur vaste exp\u00e9rience et leur professionnalisme, ils assurent une couverture des besoins de l&rsquo;entreprise sans mettre en cause le niveau de s\u00e9curit\u00e9 et de sant\u00e9.<\/p>\n<p style=\"text-align: center;\">En bref, notre philosophie est bas\u00e9e sur une am\u00e9lioration continue et un contr\u00f4le de la qualit\u00e9 impeccable, dont l&rsquo;objectif est la satisfaction de nos clients.<\/p>\n<p><\/p>","protected":false},"excerpt":{"rendered":"<p>CUBIMETTRIK nait avec l\u2019id\u00e9e d\u2019offrir un service int\u00e9gral qui combine le savoir artisanal avec les technologies les plus avanc\u00e9es, en prenant soin de chaque d\u00e9tail pour faire de votre projet une r\u00e9alisation unique. Notre sp\u00e9cialisation dans le secteur et notre s\u00e9rieux accr\u00e9dit\u00e9 par des ann\u00e9es d&rsquo;exp\u00e9rience garantissent la confiance de nos clients. Nous d\u00e9veloppons nos [&hellip;]<\/p>\n","protected":false},"author":2,"featured_media":0,"parent":0,"menu_order":0,"comment_status":"open","ping_status":"open","template":"","meta":{"_genesis_hide_title":false,"_genesis_hide_breadcrumbs":false,"_genesis_hide_singular_image":false,"_genesis_hide_footer_widgets":false,"_genesis_custom_body_class":"","_genesis_custom_post_class":"","_genesis_layout":"","footnotes":""},"class_list":{"0":"post-59","1":"page","2":"type-page","3":"status-publish","5":"entry"},"_links":{"self":[{"href":"http:\/\/cubimettrik.com\/fr\/wp-json\/wp\/v2\/pages\/59","targetHints":{"allow":["GET"]}}],"collection":[{"href":"http:\/\/cubimettrik.com\/fr\/wp-json\/wp\/v2\/pages"}],"about":[{"href":"http:\/\/cubimettrik.com\/fr\/wp-json\/wp\/v2\/types\/page"}],"author":[{"embeddable":true,"href":"http:\/\/cubimettrik.com\/fr\/wp-json\/wp\/v2\/users\/2"}],"replies":[{"embeddable":true,"href":"http:\/\/cubimettrik.com\/fr\/wp-json\/wp\/v2\/comments?post=59"}],"version-history":[{"count":30,"href":"http:\/\/cubimettrik.com\/fr\/wp-json\/wp\/v2\/pages\/59\/revisions"}],"predecessor-version":[{"id":260,"href":"http:\/\/cubimettrik.com\/fr\/wp-json\/wp\/v2\/pages\/59\/revisions\/260"}],"wp:attachment":[{"href":"http:\/\/cubimettrik.com\/fr\/wp-json\/wp\/v2\/media?parent=59"}],"curies":[{"name":"wp","href":"https:\/\/api.w.org\/{rel}","templated":true}]}}